{"id":241,"date":"2019-02-14T09:43:36","date_gmt":"2019-02-14T09:43:36","guid":{"rendered":"http:\/\/labapps.wgl-demo.net\/?page_id=241"},"modified":"2024-09-10T14:00:16","modified_gmt":"2024-09-10T14:00:16","slug":"our-team","status":"publish","type":"page","link":"https:\/\/casy.ch\/?page_id=241","title":{"rendered":"\u00dcber uns"},"content":{"rendered":"[vc_row full_width=&#8221;stretch_row&#8221; add_extended=&#8221;true&#8221; values=&#8221;%5B%7B%22extended_animation%22%3A%22morph%22%2C%22figure_color%22%3A%22%23ffffff%22%2C%22drop_colors%22%3A%22one_color%22%2C%22part_color%22%3A%22%23ff7e00%22%2C%22part_color_1%22%3A%22%23ff7e00%22%2C%22part_color_2%22%3A%22%233224e9%22%2C%22part_color_3%22%3A%22%2369e9f2%22%2C%22extended_animation_pos_vertical%22%3A%2250%22%2C%22extended_animation_pos_horizont%22%3A%2250%22%2C%22sphere_width%22%3A%22100%22%2C%22particles_number%22%3A%2250%22%2C%22particles_size%22%3A%2210%22%2C%22particles_speed%22%3A%222%22%2C%22hover_anim%22%3A%22grab%22%2C%22parallax_dir%22%3A%22vertical%22%2C%22parallax_factor%22%3A%220.3%22%2C%22morph_style%22%3A%22style_1%22%2C%22morph_speed%22%3A%2210%22%2C%22morph_color%22%3A%22%23f7f9fd%22%2C%22particles_position_top%22%3A%2213%22%2C%22particles_position_left%22%3A%22-14%22%2C%22particles_width%22%3A%2240%22%2C%22particles_height%22%3A%2240%22%2C%22resp_hide%22%3A%22768%22%7D%2C%7B%22extended_animation%22%3A%22morph%22%2C%22figure_color%22%3A%22%23ffffff%22%2C%22drop_colors%22%3A%22one_color%22%2C%22part_color%22%3A%22%23ff7e00%22%2C%22part_color_1%22%3A%22%23ff7e00%22%2C%22part_color_2%22%3A%22%233224e9%22%2C%22part_color_3%22%3A%22%2369e9f2%22%2C%22extended_animation_pos_vertical%22%3A%2250%22%2C%22extended_animation_pos_horizont%22%3A%2250%22%2C%22sphere_width%22%3A%22100%22%2C%22particles_number%22%3A%2250%22%2C%22particles_size%22%3A%2210%22%2C%22particles_speed%22%3A%222%22%2C%22hover_anim%22%3A%22grab%22%2C%22parallax_dir%22%3A%22vertical%22%2C%22parallax_factor%22%3A%220.3%22%2C%22morph_style%22%3A%22style_3%22%2C%22morph_speed%22%3A%2210%22%2C%22morph_color%22%3A%22%23f7f9fd%22%2C%22particles_position_top%22%3A%2260%22%2C%22particles_position_left%22%3A%2280%22%2C%22particles_width%22%3A%2240%22%2C%22particles_height%22%3A%2240%22%2C%22resp_hide%22%3A%22768%22%7D%5D&#8221;][vc_column][vc_row_inner][vc_column_inner offset=&#8221;vc_col-lg-offset-2 vc_col-lg-8 vc_col-md-offset-1 vc_col-md-10&#8243;][wgl_double_headings align=&#8221;center&#8221; title_tag=&#8221;h2&#8243; title_color=&#8221;#161616&#8243; subtitle_color=&#8221;#ff7502&#8243;]Unsere Firma &#8211; unsere Philosophie<br \/>\n[\/wgl_double_headings][wgl_spacing spacer_size=&#8221;20&#8243;][vc_column_text]Casy ist ein inhabergef\u00fchrtes Software-Unternehmen, spezialisiert auf Cloud-basierte Hotelverwaltungs-Software f\u00fcr Hotels, Resorts und Ferienwohnungs-Verwaltungen.<\/p>\n<p>Wir entwickeln und programmieren laufend neue Apps und Module, um Hotels den Sprung in die digitalisierte Hotellerie zu erm\u00f6glichen respektive zu vereinfachen. Besonderer Wert wird dabei auf eine optimale Unterst\u00fctzung der Hotelprozesse und einfache, intuitive Bedienbarkeit gelegt. Ein Beispiel ist das Modul \u00abSelf-Check-In\u00bb, das dem Gast erm\u00f6glicht, seine eigenen Daten zu modifizieren und erg\u00e4nzen.<\/p>\n<p>Unter dem Stichwort &#8220;Digitaler Humanismus&#8221; haben wir uns einer Digitalisierung verschrieben, die vom Menschen f\u00fcr den Menschen gemacht wird, die ihn unterst\u00fctzt, wichtige Ressourcen schont und ihm das Leben erleichtert. Niemand soll die Digitalisierung als Bedrohnung empfinden, sie soll uns im Gegenteil wieder mehr M\u00f6glichkeiten f\u00fcr den pers\u00f6nlichen Austausch verschaffen. Sch\u00f6ne Wellness-Anlagen, gediegene Speises\u00e4le, gem\u00fctliche Zimmer usw. gibt es viele &#8211; die pers\u00f6nliche und herzliche G\u00e4stebetreuung macht den Unterschied. CASY schafft den Freiraum daf\u00fcr![\/vc_column_text][wgl_spacing spacer_size=&#8221;40&#8243;][\/vc_column_inner][\/vc_row_inner][vc_row_inner][vc_column_inner offset=&#8221;vc_col-lg-offset-2 vc_col-lg-8 vc_col-md-offset-1 vc_col-md-10&#8243;][wgl_double_headings align=&#8221;center&#8221; title_tag=&#8221;h2&#8243; title_color=&#8221;#161616&#8243; subtitle_color=&#8221;#ff7502&#8243;]CASY Team [\/wgl_double_headings][\/vc_column_inner][\/vc_row_inner][wgl_spacing spacer_size=&#8221;70px&#8221;]\n\t\t<div  class=\"wgl_module_team team-col_4 acenter show_meta_while_hover\">\n\t\t\t<div class=\"team-items_wrap clearfix\"  style=\"margin-right:-15px; margin-left:-15px;\" >\n\t\t\t\t<div class=\"team-item\" style=\"padding-right:15px; padding-left:15px; padding-bottom:30px;\"><div class=\"team-item_content\"><div class=\"team-image\"><img src=\"https:\/\/casy.ch\/wp-content\/uploads\/2019\/02\/Rolando-Vonlanthen-420x420.jpg\" alt=\"\" \/><div class=\"team-info_icons\"><a href=\"https:\/\/www.linkedin.com\/in\/rolando-vonlanthen-62583528\/\" class=\"team-icon fa fa-linkedin\"><\/a><\/div><\/div><div class=\"team-item_info\"><div class=\"team-item_titles\"><h4 class=\"team-title\"><a href=\"https:\/\/casy.ch\/?team=rolando-vonlanthen\">Rolando Vonlanthen<\/a><\/h4><div class=\"team-department\">Gr\u00fcnder &amp; CEO<\/div><\/div><\/div><\/div><\/div><div class=\"team-item\" style=\"padding-right:15px; padding-left:15px; padding-bottom:30px;\"><div class=\"team-item_content\"><div class=\"team-image\"><img src=\"https:\/\/casy.ch\/wp-content\/uploads\/2021\/07\/profilo_mamma-scaled-420x420.jpg\" alt=\"\" \/><\/div><div class=\"team-item_info\"><div class=\"team-item_titles\"><h4 class=\"team-title\"><a href=\"https:\/\/casy.ch\/?team=test-1\">Marianne Vonlanthen<\/a><\/h4><div class=\"team-department\">Deputy CEO<\/div><\/div><\/div><\/div><\/div><div class=\"team-item\" style=\"padding-right:15px; padding-left:15px; padding-bottom:30px;\"><div class=\"team-item_content\"><div class=\"team-image\"><img src=\"https:\/\/casy.ch\/wp-content\/uploads\/2021\/07\/Imran-profilo-420x420.jpg\" alt=\"\" \/><\/div><div class=\"team-item_info\"><div class=\"team-item_titles\"><h4 class=\"team-title\"><a href=\"https:\/\/casy.ch\/?team=alex-siddiqui\">Alex Siddiqui<\/a><\/h4><\/div><\/div><\/div><\/div><div class=\"team-item\" style=\"padding-right:15px; padding-left:15px; padding-bottom:30px;\"><div class=\"team-item_content\"><div class=\"team-image\"><img src=\"https:\/\/casy.ch\/wp-content\/uploads\/2021\/08\/ValentinaCASY-1-420x420.png\" alt=\"\" \/><\/div><div class=\"team-item_info\"><div class=\"team-item_titles\"><h4 class=\"team-title\"><a href=\"https:\/\/casy.ch\/?team=valentina-treves\">Valentina Treves<\/a><\/h4><div class=\"team-department\">\u00dcbersetzung &amp; Lektorat<\/div><\/div><\/div><\/div><\/div><div class=\"team-item\" style=\"padding-right:15px; padding-left:15px; padding-bottom:30px;\"><div class=\"team-item_content\"><div class=\"team-image\"><img src=\"https:\/\/casy.ch\/wp-content\/uploads\/2021\/10\/sandro.Vonlanthen2-1-420x420.png\" alt=\"\" \/><\/div><div class=\"team-item_info\"><div class=\"team-item_titles\"><h4 class=\"team-title\"><a href=\"https:\/\/casy.ch\/?team=sandro-vonlanthen-2\">Sandro Vonlanthen<\/a><\/h4><div class=\"team-department\">Sale<\/div><\/div><\/div><\/div><\/div>\t\t\t<\/div>\n\t\t<\/div>\n\n\t\t[\/vc_column][vc_column][vc_row_inner][vc_column_inner][wgl_spacing spacer_size=&#8221;50&#8243;][\/vc_column_inner][\/vc_row_inner][wgl_time_line_horizontal slide_to_show=&#8221;3&#8243; pag_type=&#8221;line_circle&#8221; values=&#8221;%5B%7B%22thumbnail%22%3A%222463%22%2C%22date%22%3A%221989%22%2C%22title%22%3A%22Erste%20Version%20von%20CASY%22%2C%22descr%22%3A%22Entwickelt%20mit%20der%20Datenbank%20Adimens%20und%20Programmiersprache%20Aditalk.%20Ist%20auf%20Atari%201040%20ST%20gelaufen.%20Wir%20haben%20es%20in%20den%20ersten%20Jahren%20in%20der%20Administration%20unseres%20Hotels%20Camelia%20eingesetzt.%22%2C%22circle_background%22%3A%22%23ffffff%22%2C%22icon_color%22%3A%22%23dae3f4%22%7D%2C%7B%22thumbnail%22%3A%222478%22%2C%22date%22%3A%221991%22%2C%22title%22%3A%22Hotel%20Camelia%20in%20Muralto%22%2C%22descr%22%3A%22Die%20Inhaber%20haben%20selbst%20w%C3%A4hrend%20gut%2022%20Jahren%20ein%20Hotel%20gef%C3%BChrt%20und%20kennen%20die%20Anforderungen%20und%20Besonderheiten%20der%20Hotellerie%20aus%20eigener%20Erfahrung.%20Schon%20w%C3%A4hrend%20ihrer%20Zeit%20als%20Hoteliers%20haben%20sie%20CASY%20entwickelt%20und%20mit%20dem%20Vertrieb%20begonnen.%22%2C%22circle_background%22%3A%22%23ffffff%22%2C%22icon_color%22%3A%22%23dae3f4%22%7D%2C%7B%22thumbnail%22%3A%222483%22%2C%22date%22%3A%221995%22%2C%22title%22%3A%22Erste%20Windows-Version%20mit%20MSAccess%22%2C%22descr%22%3A%22CASY%20Front%20wurde%20auf%20Windows%20portiert%20und%20mit%20Microsoft%20Access%20und%20Visual%20Basic%20weiterentwickelt.%20%22%2C%22circle_background%22%3A%22%23ffffff%22%2C%22icon_color%22%3A%22%23dae3f4%22%7D%2C%7B%22thumbnail%22%3A%222488%22%2C%22date%22%3A%222009%22%2C%22title%22%3A%22Ab%20in%20die%20Cloud%22%2C%22descr%22%3A%22Das%20Programm%20wurde%20neu%20als%20100%25%20Cloud-Applikation%20entwickelt.%22%2C%22circle_background%22%3A%22%23ffffff%22%2C%22icon_color%22%3A%22%23dae3f4%22%7D%2C%7B%22thumbnail%22%3A%222498%22%2C%22date%22%3A%222024%22%2C%22title%22%3A%22Heute%22%2C%22descr%22%3A%22Als%20schlankes%20und%20hochprofessionelles%20Unternehmen%20bietet%20CASY%20%C3%A4usserst%20kurze%20Entscheidungswege%2C%20was%20schnelle%20und%20flexible%20Anpassungen%20an%20Kundenerfordernisse%20und%20-W%C3%BCnsche%20garantiert.%20Ansprechpartner%20ist%20der%20Inhaber%20selbst%2C%20was%20daf%C3%BCr%20sorgt%2C%20dass%20Kundenanliegen%20direkt%20bei%20der%20richtigen%20Stelle%5Cnadressiert%20werden%20k%C3%B6nnen%20und%20mit%20der%20n%C3%B6tigen%20Priorit%C3%A4t%20behandelt%20werden.%22%2C%22circle_background%22%3A%22%23ffffff%22%2C%22icon_color%22%3A%22%23dae3f4%22%7D%5D&#8221; autoplay=&#8221;true&#8221; slides_to_scroll=&#8221;true&#8221;][\/vc_column][\/vc_row][vc_row][vc_column][vc_row_inner][vc_column_inner width=&#8221;1\/2&#8243; offset=&#8221;vc_col-lg-5&#8243;][wgl_double_headings title_tag=&#8221;h2&#8243; title_color=&#8221;#161616&#8243; subtitle_color=&#8221;#ff7502&#8243;]Kontaktieren Sie uns[\/wgl_double_headings][wgl_spacing spacer_size=&#8221;20&#8243;][vc_column_text]Ja, ich m\u00f6chte mehr Gewinn mit weniger Aufwand.[\/vc_column_text][wgl_spacing spacer_size=&#8221;35&#8243;][wgl_info_box layout=&#8221;left&#8221; alignment=&#8221;left&#8221; icon_type=&#8221;font&#8221; icon_font_type=&#8221;type_flaticon&#8221; icon_flaticon=&#8221;flaticon-pin&#8221; icon_shadow_blur=&#8221;24&#8243; icon_shadow_color=&#8221;rgba(0,0,0,0.1)&#8221; icon_color_hover=&#8221;#ffffff&#8221; custom_icon_bg_color=&#8221;color&#8221; icon_bg_color_hover=&#8221;#ff7502&#8243; title_size=&#8221;16&#8243; title_bot_offset=&#8221;4&#8243; ib_content=&#8221;CASY Software Solutions<br \/>\nVia Bartolomeo Varenna 2<br \/>\nCH &#8211; 6600 Locarno<br \/>\nund<br \/>\nCASY Software Solutions<br \/>\nBahnhaldenstrasse 20<br \/>\nCH-8052 Z\u00fcrich&#8221; custom_icon_bg_width=&#8221;60&#8243; custom_icon_bg_height=&#8221;60&#8243; add_icon_shadow=&#8221;true&#8221; ib_title=&#8221;Visit Us:&#8221; custom_icon_size=&#8221;24&#8243; icon_offsets=&#8221;.vc_custom_1625343797586{margin-top: -5px !important;border-radius: 10px !important;}&#8221; custom_icon_color=&#8221;true&#8221;][wgl_spacing spacer_size=&#8221;30px&#8221;][wgl_info_box layout=&#8221;left&#8221; alignment=&#8221;left&#8221; icon_type=&#8221;font&#8221; icon_font_type=&#8221;type_flaticon&#8221; icon_flaticon=&#8221;flaticon-mail&#8221; icon_shadow_blur=&#8221;24&#8243; icon_shadow_color=&#8221;rgba(0,0,0,0.1)&#8221; icon_color_hover=&#8221;#ffffff&#8221; custom_icon_bg_color=&#8221;color&#8221; icon_bg_color_hover=&#8221;#ff7502&#8243; title_size=&#8221;16&#8243; title_bot_offset=&#8221;4&#8243; ib_content=&#8221;locarno@casy.ch<br \/>\nzuerich@casy.ch&#8221; custom_icon_bg_width=&#8221;60&#8243; custom_icon_bg_height=&#8221;60&#8243; add_icon_shadow=&#8221;true&#8221; ib_title=&#8221;Mail Us:&#8221; custom_icon_size=&#8221;24&#8243; icon_offsets=&#8221;.vc_custom_1625343808724{margin-top: -5px !important;border-radius: 10px !important;}&#8221; custom_icon_color=&#8221;true&#8221;][wgl_spacing spacer_size=&#8221;30px&#8221;][wgl_info_box layout=&#8221;left&#8221; alignment=&#8221;left&#8221; icon_type=&#8221;font&#8221; icon_font_type=&#8221;type_flaticon&#8221; icon_flaticon=&#8221;flaticon-phone&#8221; icon_shadow_blur=&#8221;24&#8243; icon_shadow_color=&#8221;rgba(0,0,0,0.1)&#8221; icon_color_hover=&#8221;#ffffff&#8221; custom_icon_bg_color=&#8221;color&#8221; icon_bg_color_hover=&#8221;#ff7502&#8243; title_size=&#8221;16&#8243; title_bot_offset=&#8221;4&#8243; ib_content=&#8221;+41 (0)44 586 51 01&#8243; custom_icon_bg_width=&#8221;60&#8243; custom_icon_bg_height=&#8221;60&#8243; add_icon_shadow=&#8221;true&#8221; ib_title=&#8221;Phone Us:&#8221; custom_icon_size=&#8221;24&#8243; icon_offsets=&#8221;.vc_custom_1625343817237{margin-top: -5px !important;border-radius: 10px !important;}&#8221; custom_icon_color=&#8221;true&#8221;][wgl_spacing spacer_size=&#8221;30px&#8221;][\/vc_column_inner][vc_column_inner width=&#8221;1\/2&#8243; offset=&#8221;vc_col-lg-offset-1&#8243;][vc_column_text]\n<h2><span class=\"hl\">Schreiben<\/span> <span class=\"hl\">Sie<\/span> <span class=\"hl\">uns<\/span> <span class=\"hl\">eine<\/span> <span class=\"hl\">Mitteilung<\/span><\/h2>\n[\/vc_column_text][wgl_spacing spacer_size=&#8221;30px&#8221;]\n<div class=\"wpcf7 no-js\" id=\"wpcf7-f2418-o1\" lang=\"de-DE\" dir=\"ltr\">\n<div class=\"screen-reader-response\"><p role=\"status\" aria-live=\"polite\" aria-atomic=\"true\"><\/p> <ul><\/ul><\/div>\n<form action=\"\/index.php?rest_route=%2Fwp%2Fv2%2Fpages%2F241#wpcf7-f2418-o1\" method=\"post\" class=\"wpcf7-form init\" aria-label=\"Kontaktformular\" novalidate=\"novalidate\" data-status=\"init\">\n<div style=\"display: none;\">\n<input type=\"hidden\" name=\"_wpcf7\" value=\"2418\" \/>\n<input type=\"hidden\" name=\"_wpcf7_version\" value=\"5.7.7\" \/>\n<input type=\"hidden\" name=\"_wpcf7_locale\" value=\"de_DE\" \/>\n<input type=\"hidden\" name=\"_wpcf7_unit_tag\" value=\"wpcf7-f2418-o1\" \/>\n<input type=\"hidden\" name=\"_wpcf7_container_post\" value=\"0\" \/>\n<input type=\"hidden\" name=\"_wpcf7_posted_data_hash\" value=\"\" \/>\n<input type=\"hidden\" name=\"_wpcf7_recaptcha_response\" value=\"\" \/>\n<\/div>\n<p><label> Ihr Name*<br \/>\n<span class=\"wpcf7-form-control-wrap\" data-name=\"your-name\"><input size=\"40\" class=\"wpcf7-form-control wpcf7-text wpcf7-validates-as-required\" aria-required=\"true\" aria-invalid=\"false\" value=\"\" type=\"text\" name=\"your-name\" \/><\/span> <\/label>\n<\/p>\n<p><label>Ihre E-Mail-Adresse*<br \/>\n<span class=\"wpcf7-form-control-wrap\" data-name=\"your-email\"><input size=\"40\" class=\"wpcf7-form-control wpcf7-text wpcf7-email wpcf7-validates-as-required wpcf7-validates-as-email\" aria-required=\"true\" aria-invalid=\"false\" value=\"\" type=\"email\" name=\"your-email\" \/><\/span> <\/label>\n<\/p>\n<p><label> Hotelname<br \/>\n<span class=\"wpcf7-form-control-wrap\" data-name=\"your-subject\"><input size=\"40\" class=\"wpcf7-form-control wpcf7-text\" aria-invalid=\"false\" value=\"\" type=\"text\" name=\"your-subject\" \/><\/span> <\/label>\n<\/p>\n<p><label> Ihre Nachricht<br \/>\n<span class=\"wpcf7-form-control-wrap\" data-name=\"your-message\"><textarea cols=\"40\" rows=\"10\" class=\"wpcf7-form-control wpcf7-textarea\" aria-invalid=\"false\" name=\"your-message\"><\/textarea><\/span> <\/label>\n<\/p>\n<p><input class=\"wpcf7-form-control has-spinner wpcf7-submit\" type=\"submit\" value=\"senden\" \/>\n<\/p><div class=\"wpcf7-response-output\" aria-hidden=\"true\"><\/div>\n<\/form>\n<\/div>\n[wgl_spacing spacer_size=&#8221;30px&#8221;][\/vc_column_inner][\/vc_row_inner][\/vc_column][\/vc_row]\n","protected":false},"excerpt":{"rendered":"<p>[vc_row full_width=&#8221;stretch_row&#8221; add_extended=&#8221;true&#8221; values=&#8221;%5B%7B%22extended_animation%22%3A%22morph%22%2C%22figure_color%22%3A%22%23ffffff%22%2C%22drop_colors%22%3A%22one_color%22%2C%22part_color%22%3A%22%23ff7e00%22%2C%22part_color_1%22%3A%22%23ff7e00%22%2C%22part_color_2%22%3A%22%233224e9%22%2C%22part_color_3%22%3A%22%2369e9f2%22%2C%22extended_animation_pos_vertical%22%3A%2250%22%2C%22extended_animation_pos_horizont%22%3A%2250%22%2C%22sphere_width%22%3A%22100%22%2C%22particles_number%22%3A%2250%22%2C%22particles_size%22%3A%2210%22%2C%22particles_speed%22%3A%222%22%2C%22hover_anim%22%3A%22grab%22%2C%22parallax_dir%22%3A%22vertical%22%2C%22parallax_factor%22%3A%220.3%22%2C%22morph_style%22%3A%22style_1%22%2C%22morph_speed%22%3A%2210%22%2C%22morph_color%22%3A%22%23f7f9fd%22%2C%22particles_position_top%22%3A%2213%22%2C%22particles_position_left%22%3A%22-14%22%2C%22particles_width%22%3A%2240%22%2C%22particles_height%22%3A%2240%22%2C%22resp_hide%22%3A%22768%22%7D%2C%7B%22extended_animation%22%3A%22morph%22%2C%22figure_color%22%3A%22%23ffffff%22%2C%22drop_colors%22%3A%22one_color%22%2C%22part_color%22%3A%22%23ff7e00%22%2C%22part_color_1%22%3A%22%23ff7e00%22%2C%22part_color_2%22%3A%22%233224e9%22%2C%22part_color_3%22%3A%22%2369e9f2%22%2C%22extended_animation_pos_vertical%22%3A%2250%22%2C%22extended_animation_pos_horizont%22%3A%2250%22%2C%22sphere_width%22%3A%22100%22%2C%22particles_number%22%3A%2250%22%2C%22particles_size%22%3A%2210%22%2C%22particles_speed%22%3A%222%22%2C%22hover_anim%22%3A%22grab%22%2C%22parallax_dir%22%3A%22vertical%22%2C%22parallax_factor%22%3A%220.3%22%2C%22morph_style%22%3A%22style_3%22%2C%22morph_speed%22%3A%2210%22%2C%22morph_color%22%3A%22%23f7f9fd%22%2C%22particles_position_top%22%3A%2260%22%2C%22particles_position_left%22%3A%2280%22%2C%22particles_width%22%3A%2240%22%2C%22particles_height%22%3A%2240%22%2C%22resp_hide%22%3A%22768%22%7D%5D&#8221;][vc_column][vc_row_inner][vc_column_inner offset=&#8221;vc_col-lg-offset-2 vc_col-lg-8 vc_col-md-offset-1 vc_col-md-10&#8243;][wgl_double_headings align=&#8221;center&#8221; title_tag=&#8221;h2&#8243; title_color=&#8221;#161616&#8243; subtitle_color=&#8221;#ff7502&#8243;]Unsere Firma &#8211; unsere Philosophie [\/wgl_double_headings][wgl_spacing spacer_size=&#8221;20&#8243;][vc_column_text]Casy ist ein inhabergef\u00fchrtes Software-Unternehmen, spezialisiert auf Cloud-basierte Hotelverwaltungs-Software f\u00fcr Hotels, Resorts und Ferienwohnungs-Verwaltungen. Wir entwickeln und programmieren laufend neue Apps und Module, um Hotels den Sprung in die digitalisierte Hotellerie zu erm\u00f6glichen respektive zu vereinfachen. Besonderer Wert [&hellip;]<\/p>\n","protected":false},"author":1,"featured_media":0,"parent":0,"menu_order":0,"comment_status":"closed","ping_status":"closed","template":"","meta":[],"yoast_head":"<!-- This site is optimized with the Yoast SEO plugin v20.6 - https:\/\/yoast.com\/wordpress\/plugins\/seo\/ -->\n<title>CASY Hotel Software, Unsere Firma \u2013 Unsere Philosophie<\/title>\n<meta name=\"description\" content=\"Verbringen Sie mehr Zeit mit Ihren G\u00e4sten anstatt vor dem Computer. Dank moderner Hotelverwaltungs-Software.\" \/>\n<meta name=\"robots\" content=\"index, follow, max-snippet:-1, max-image-preview:large, max-video-preview:-1\" \/>\n<link rel=\"canonical\" href=\"https:\/\/casy.ch\/?page_id=241\" \/>\n<meta property=\"og:locale\" content=\"de_DE\" \/>\n<meta property=\"og:type\" content=\"article\" \/>\n<meta property=\"og:title\" content=\"CASY Hotel Software, Unsere Firma \u2013 Unsere Philosophie\" \/>\n<meta property=\"og:description\" content=\"Verbringen Sie mehr Zeit mit Ihren G\u00e4sten anstatt vor dem Computer. Dank moderner Hotelverwaltungs-Software.\" \/>\n<meta property=\"og:url\" content=\"https:\/\/casy.ch\/?page_id=241\" \/>\n<meta property=\"og:site_name\" content=\"CASY\" \/>\n<meta property=\"article:publisher\" content=\"https:\/\/www.facebook.com\/casy.front\" \/>\n<meta property=\"article:modified_time\" content=\"2024-09-10T14:00:16+00:00\" \/>\n<meta property=\"og:image\" content=\"https:\/\/casy.ch\/wp-content\/uploads\/2021\/08\/Box-con-margine-2.png\" \/>\n\t<meta property=\"og:image:width\" content=\"1250\" \/>\n\t<meta property=\"og:image:height\" content=\"1750\" \/>\n\t<meta property=\"og:image:type\" content=\"image\/png\" \/>\n<meta name=\"twitter:card\" content=\"summary_large_image\" \/>\n<meta name=\"twitter:image\" content=\"https:\/\/casy.ch\/wp-content\/uploads\/2021\/08\/CASY_LOGO_2021_800x800.png\" \/>\n<meta name=\"twitter:site\" content=\"@CASY_Software\" \/>\n<meta name=\"twitter:label1\" content=\"Gesch\u00e4tzte Lesezeit\" \/>\n\t<meta name=\"twitter:data1\" content=\"2 Minuten\" \/>\n<script type=\"application\/ld+json\" class=\"yoast-schema-graph\">{\"@context\":\"https:\/\/schema.org\",\"@graph\":[{\"@type\":\"WebPage\",\"@id\":\"https:\/\/casy.ch\/?page_id=241\",\"url\":\"https:\/\/casy.ch\/?page_id=241\",\"name\":\"CASY Hotel Software, Unsere Firma \u2013 Unsere Philosophie\",\"isPartOf\":{\"@id\":\"https:\/\/casy.ch\/#website\"},\"datePublished\":\"2019-02-14T09:43:36+00:00\",\"dateModified\":\"2024-09-10T14:00:16+00:00\",\"description\":\"Verbringen Sie mehr Zeit mit Ihren G\u00e4sten anstatt vor dem Computer. Dank moderner Hotelverwaltungs-Software.\",\"breadcrumb\":{\"@id\":\"https:\/\/casy.ch\/?page_id=241#breadcrumb\"},\"inLanguage\":\"de-DE\",\"potentialAction\":[{\"@type\":\"ReadAction\",\"target\":[\"https:\/\/casy.ch\/?page_id=241\"]}]},{\"@type\":\"BreadcrumbList\",\"@id\":\"https:\/\/casy.ch\/?page_id=241#breadcrumb\",\"itemListElement\":[{\"@type\":\"ListItem\",\"position\":1,\"name\":\"Home\",\"item\":\"https:\/\/casy.ch\/\"},{\"@type\":\"ListItem\",\"position\":2,\"name\":\"\u00dcber uns\"}]},{\"@type\":\"WebSite\",\"@id\":\"https:\/\/casy.ch\/#website\",\"url\":\"https:\/\/casy.ch\/\",\"name\":\"CASY\",\"description\":\"casydescr\",\"publisher\":{\"@id\":\"https:\/\/casy.ch\/#organization\"},\"potentialAction\":[{\"@type\":\"SearchAction\",\"target\":{\"@type\":\"EntryPoint\",\"urlTemplate\":\"https:\/\/casy.ch\/?s={search_term_string}\"},\"query-input\":\"required name=search_term_string\"}],\"inLanguage\":\"de-DE\"},{\"@type\":\"Organization\",\"@id\":\"https:\/\/casy.ch\/#organization\",\"name\":\"CASY Hotel Software\",\"url\":\"https:\/\/casy.ch\/\",\"logo\":{\"@type\":\"ImageObject\",\"inLanguage\":\"de-DE\",\"@id\":\"https:\/\/casy.ch\/#\/schema\/logo\/image\/\",\"url\":\"https:\/\/casy.ch\/wp-content\/uploads\/2021\/08\/CASY_LOGO_2021_800x800.png\",\"contentUrl\":\"https:\/\/casy.ch\/wp-content\/uploads\/2021\/08\/CASY_LOGO_2021_800x800.png\",\"width\":800,\"height\":800,\"caption\":\"CASY Hotel Software\"},\"image\":{\"@id\":\"https:\/\/casy.ch\/#\/schema\/logo\/image\/\"},\"sameAs\":[\"https:\/\/www.facebook.com\/casy.front\",\"https:\/\/twitter.com\/CASY_Software\",\"https:\/\/casy.ch\/en\/\",\"https:\/\/www.youtube.com\/user\/CasySoftware\/featured\"]}]}<\/script>\n<!-- \/ Yoast SEO plugin. -->","yoast_head_json":{"title":"CASY Hotel Software, Unsere Firma \u2013 Unsere Philosophie","description":"Verbringen Sie mehr Zeit mit Ihren G\u00e4sten anstatt vor dem Computer. Dank moderner Hotelverwaltungs-Software.","robots":{"index":"index","follow":"follow","max-snippet":"max-snippet:-1","max-image-preview":"max-image-preview:large","max-video-preview":"max-video-preview:-1"},"canonical":"https:\/\/casy.ch\/?page_id=241","og_locale":"de_DE","og_type":"article","og_title":"CASY Hotel Software, Unsere Firma \u2013 Unsere Philosophie","og_description":"Verbringen Sie mehr Zeit mit Ihren G\u00e4sten anstatt vor dem Computer. Dank moderner Hotelverwaltungs-Software.","og_url":"https:\/\/casy.ch\/?page_id=241","og_site_name":"CASY","article_publisher":"https:\/\/www.facebook.com\/casy.front","article_modified_time":"2024-09-10T14:00:16+00:00","og_image":[{"width":1250,"height":1750,"url":"https:\/\/casy.ch\/wp-content\/uploads\/2021\/08\/Box-con-margine-2.png","type":"image\/png"}],"twitter_card":"summary_large_image","twitter_image":"https:\/\/casy.ch\/wp-content\/uploads\/2021\/08\/CASY_LOGO_2021_800x800.png","twitter_site":"@CASY_Software","twitter_misc":{"Gesch\u00e4tzte Lesezeit":"2 Minuten"},"schema":{"@context":"https:\/\/schema.org","@graph":[{"@type":"WebPage","@id":"https:\/\/casy.ch\/?page_id=241","url":"https:\/\/casy.ch\/?page_id=241","name":"CASY Hotel Software, Unsere Firma \u2013 Unsere Philosophie","isPartOf":{"@id":"https:\/\/casy.ch\/#website"},"datePublished":"2019-02-14T09:43:36+00:00","dateModified":"2024-09-10T14:00:16+00:00","description":"Verbringen Sie mehr Zeit mit Ihren G\u00e4sten anstatt vor dem Computer. Dank moderner Hotelverwaltungs-Software.","breadcrumb":{"@id":"https:\/\/casy.ch\/?page_id=241#breadcrumb"},"inLanguage":"de-DE","potentialAction":[{"@type":"ReadAction","target":["https:\/\/casy.ch\/?page_id=241"]}]},{"@type":"BreadcrumbList","@id":"https:\/\/casy.ch\/?page_id=241#breadcrumb","itemListElement":[{"@type":"ListItem","position":1,"name":"Home","item":"https:\/\/casy.ch\/"},{"@type":"ListItem","position":2,"name":"\u00dcber uns"}]},{"@type":"WebSite","@id":"https:\/\/casy.ch\/#website","url":"https:\/\/casy.ch\/","name":"CASY","description":"casydescr","publisher":{"@id":"https:\/\/casy.ch\/#organization"},"potentialAction":[{"@type":"SearchAction","target":{"@type":"EntryPoint","urlTemplate":"https:\/\/casy.ch\/?s={search_term_string}"},"query-input":"required name=search_term_string"}],"inLanguage":"de-DE"},{"@type":"Organization","@id":"https:\/\/casy.ch\/#organization","name":"CASY Hotel Software","url":"https:\/\/casy.ch\/","logo":{"@type":"ImageObject","inLanguage":"de-DE","@id":"https:\/\/casy.ch\/#\/schema\/logo\/image\/","url":"https:\/\/casy.ch\/wp-content\/uploads\/2021\/08\/CASY_LOGO_2021_800x800.png","contentUrl":"https:\/\/casy.ch\/wp-content\/uploads\/2021\/08\/CASY_LOGO_2021_800x800.png","width":800,"height":800,"caption":"CASY Hotel Software"},"image":{"@id":"https:\/\/casy.ch\/#\/schema\/logo\/image\/"},"sameAs":["https:\/\/www.facebook.com\/casy.front","https:\/\/twitter.com\/CASY_Software","https:\/\/casy.ch\/en\/","https:\/\/www.youtube.com\/user\/CasySoftware\/featured"]}]}},"_links":{"self":[{"href":"https:\/\/casy.ch\/index.php?rest_route=\/wp\/v2\/pages\/241"}],"collection":[{"href":"https:\/\/casy.ch\/index.php?rest_route=\/wp\/v2\/pages"}],"about":[{"href":"https:\/\/casy.ch\/index.php?rest_route=\/wp\/v2\/types\/page"}],"author":[{"embeddable":true,"href":"https:\/\/casy.ch\/index.php?rest_route=\/wp\/v2\/users\/1"}],"replies":[{"embeddable":true,"href":"https:\/\/casy.ch\/index.php?rest_route=%2Fwp%2Fv2%2Fcomments&post=241"}],"version-history":[{"count":64,"href":"https:\/\/casy.ch\/index.php?rest_route=\/wp\/v2\/pages\/241\/revisions"}],"predecessor-version":[{"id":3516,"href":"https:\/\/casy.ch\/index.php?rest_route=\/wp\/v2\/pages\/241\/revisions\/3516"}],"wp:attachment":[{"href":"https:\/\/casy.ch\/index.php?rest_route=%2Fwp%2Fv2%2Fmedia&parent=241"}],"curies":[{"name":"wp","href":"https:\/\/api.w.org\/{rel}","templated":true}]}}