{"id":2910,"date":"2019-02-14T09:43:36","date_gmt":"2019-02-14T09:43:36","guid":{"rendered":"https:\/\/casy.ch\/?page_id=2910"},"modified":"2022-07-09T07:32:20","modified_gmt":"2022-07-09T07:32:20","slug":"our-team","status":"publish","type":"page","link":"https:\/\/casy.ch\/?page_id=2910&lang=it","title":{"rendered":"Su di noi"},"content":{"rendered":"[vc_row full_width=&#8221;stretch_row&#8221; add_extended=&#8221;true&#8221; values=&#8221;%5B%7B%22extended_animation%22%3A%22morph%22%2C%22figure_color%22%3A%22%23ffffff%22%2C%22drop_colors%22%3A%22one_color%22%2C%22part_color%22%3A%22%23ff7e00%22%2C%22part_color_1%22%3A%22%23ff7e00%22%2C%22part_color_2%22%3A%22%233224e9%22%2C%22part_color_3%22%3A%22%2369e9f2%22%2C%22extended_animation_pos_vertical%22%3A%2250%22%2C%22extended_animation_pos_horizont%22%3A%2250%22%2C%22sphere_width%22%3A%22100%22%2C%22particles_number%22%3A%2250%22%2C%22particles_size%22%3A%2210%22%2C%22particles_speed%22%3A%222%22%2C%22hover_anim%22%3A%22grab%22%2C%22parallax_dir%22%3A%22vertical%22%2C%22parallax_factor%22%3A%220.3%22%2C%22morph_style%22%3A%22style_1%22%2C%22morph_speed%22%3A%2210%22%2C%22morph_color%22%3A%22%23f7f9fd%22%2C%22particles_position_top%22%3A%2213%22%2C%22particles_position_left%22%3A%22-14%22%2C%22particles_width%22%3A%2240%22%2C%22particles_height%22%3A%2240%22%2C%22resp_hide%22%3A%22768%22%7D%2C%7B%22extended_animation%22%3A%22morph%22%2C%22figure_color%22%3A%22%23ffffff%22%2C%22drop_colors%22%3A%22one_color%22%2C%22part_color%22%3A%22%23ff7e00%22%2C%22part_color_1%22%3A%22%23ff7e00%22%2C%22part_color_2%22%3A%22%233224e9%22%2C%22part_color_3%22%3A%22%2369e9f2%22%2C%22extended_animation_pos_vertical%22%3A%2250%22%2C%22extended_animation_pos_horizont%22%3A%2250%22%2C%22sphere_width%22%3A%22100%22%2C%22particles_number%22%3A%2250%22%2C%22particles_size%22%3A%2210%22%2C%22particles_speed%22%3A%222%22%2C%22hover_anim%22%3A%22grab%22%2C%22parallax_dir%22%3A%22vertical%22%2C%22parallax_factor%22%3A%220.3%22%2C%22morph_style%22%3A%22style_3%22%2C%22morph_speed%22%3A%2210%22%2C%22morph_color%22%3A%22%23f7f9fd%22%2C%22particles_position_top%22%3A%2260%22%2C%22particles_position_left%22%3A%2280%22%2C%22particles_width%22%3A%2240%22%2C%22particles_height%22%3A%2240%22%2C%22resp_hide%22%3A%22768%22%7D%5D&#8221;][vc_column][vc_row_inner][vc_column_inner offset=&#8221;vc_col-lg-offset-2 vc_col-lg-8 vc_col-md-offset-1 vc_col-md-10&#8243;][wgl_double_headings align=&#8221;center&#8221; title_tag=&#8221;h2&#8243; title_color=&#8221;#161616&#8243; subtitle_color=&#8221;#ff7502&#8243;]La nostra azienda \u2013 la nostra filosofia<br \/>\n[\/wgl_double_headings][wgl_spacing spacer_size=&#8221;20&#8243;][vc_column_text]CASY \u00e8 un\u2019azienda di software gestita dal proprietario stesso, specializzata in software di gestione alberghiera basata nel cloud per l\u2019amministrazione di hotel, resort e appartamenti da vacanza.<\/p>\n<p>Sviluppiamo e programmiamo continuamente nuove applicazioni e moduli per permettere e facilitare agli hotel la preparazione per il settore alberghiero digitale. Dedichiamo particolare attenzione ad un sostegno ottimale dei processi alberghieri e ad un utilizzo facile e intuitivo. Ne \u00e8 un buon esempio il modulo \u00abSelf-Check-In\u00bb che permette agli ospiti di modificare e completare i loro dati personali in maniera autonoma.<\/p>\n<p>\u00abUmanesimo digitale\u00bb \u00e8 la parola chiave attraverso la quale abbiamo deciso di impegnarci per una digitalizzazione che viene fatta dalle persone per le persone: per sostenerle, per risparmiare risorse preziose e per facilitare la loro vita. Nessuno dovrebbe percepire la digitalizzazione come una minaccia, anzi: ci pu\u00f2 offrire maggiori opportunit\u00e0 per i rapporti e gli scambi personali. Di spa, sale da pranzo eleganti, stanze accoglienti e cos\u00ec via ce ne sono a sufficienza, ma ci\u00f2 che fa veramente la differenza \u00e8 un servizio clienti personale e caloroso &#8211; e CASY vi crea lo spazio per ci\u00f2![\/vc_column_text][wgl_spacing spacer_size=&#8221;40&#8243;][\/vc_column_inner][\/vc_row_inner][vc_row_inner][vc_column_inner offset=&#8221;vc_col-lg-offset-2 vc_col-lg-8 vc_col-md-offset-1 vc_col-md-10&#8243;][wgl_double_headings align=&#8221;center&#8221; title_tag=&#8221;h2&#8243; title_color=&#8221;#161616&#8243; subtitle_color=&#8221;#ff7502&#8243;]CASY Team [\/wgl_double_headings][\/vc_column_inner][\/vc_row_inner][wgl_spacing spacer_size=&#8221;70px&#8221;]\n\t\t<div  class=\"wgl_module_team team-col_4 acenter show_meta_while_hover\">\n\t\t\t<div class=\"team-items_wrap clearfix\"  style=\"margin-right:-15px; margin-left:-15px;\" >\n\t\t\t\t<div class=\"team-item\" style=\"padding-right:15px; padding-left:15px; padding-bottom:30px;\"><div class=\"team-item_content\"><div class=\"team-image\"><img src=\"https:\/\/casy.ch\/wp-content\/uploads\/2019\/02\/Rolando-Vonlanthen-420x420.jpg\" alt=\"\" \/><div class=\"team-info_icons\"><a href=\"https:\/\/www.linkedin.com\/in\/rolando-vonlanthen-62583528\/\" class=\"team-icon fa fa-linkedin\"><\/a><\/div><\/div><div class=\"team-item_info\"><div class=\"team-item_titles\"><h4 class=\"team-title\"><a href=\"https:\/\/casy.ch\/?team=rolando-vonlanthen\">Rolando Vonlanthen<\/a><\/h4><div class=\"team-department\">Gr\u00fcnder &amp; CEO<\/div><\/div><\/div><\/div><\/div><div class=\"team-item\" style=\"padding-right:15px; padding-left:15px; padding-bottom:30px;\"><div class=\"team-item_content\"><div class=\"team-image\"><img src=\"https:\/\/casy.ch\/wp-content\/uploads\/2021\/07\/profilo_mamma-scaled-420x420.jpg\" alt=\"\" \/><\/div><div class=\"team-item_info\"><div class=\"team-item_titles\"><h4 class=\"team-title\"><a href=\"https:\/\/casy.ch\/?team=test-1\">Marianne Vonlanthen<\/a><\/h4><div class=\"team-department\">Deputy CEO<\/div><\/div><\/div><\/div><\/div><div class=\"team-item\" style=\"padding-right:15px; padding-left:15px; padding-bottom:30px;\"><div class=\"team-item_content\"><div class=\"team-image\"><img src=\"https:\/\/casy.ch\/wp-content\/uploads\/2021\/07\/Imran-profilo-420x420.jpg\" alt=\"\" \/><\/div><div class=\"team-item_info\"><div class=\"team-item_titles\"><h4 class=\"team-title\"><a href=\"https:\/\/casy.ch\/?team=alex-siddiqui\">Alex Siddiqui<\/a><\/h4><\/div><\/div><\/div><\/div><div class=\"team-item\" style=\"padding-right:15px; padding-left:15px; padding-bottom:30px;\"><div class=\"team-item_content\"><div class=\"team-image\"><img src=\"https:\/\/casy.ch\/wp-content\/uploads\/2021\/08\/ValentinaCASY-1-420x420.png\" alt=\"\" \/><\/div><div class=\"team-item_info\"><div class=\"team-item_titles\"><h4 class=\"team-title\"><a href=\"https:\/\/casy.ch\/?team=valentina-treves\">Valentina Treves<\/a><\/h4><div class=\"team-department\">\u00dcbersetzung &amp; Lektorat<\/div><\/div><\/div><\/div><\/div><div class=\"team-item\" style=\"padding-right:15px; padding-left:15px; padding-bottom:30px;\"><div class=\"team-item_content\"><div class=\"team-image\"><img src=\"https:\/\/casy.ch\/wp-content\/uploads\/2021\/10\/sandro.Vonlanthen2-1-420x420.png\" alt=\"\" \/><\/div><div class=\"team-item_info\"><div class=\"team-item_titles\"><h4 class=\"team-title\"><a href=\"https:\/\/casy.ch\/?team=sandro-vonlanthen-2\">Sandro Vonlanthen<\/a><\/h4><div class=\"team-department\">Sale<\/div><\/div><\/div><\/div><\/div>\t\t\t<\/div>\n\t\t<\/div>\n\n\t\t[\/vc_column][vc_column][vc_row_inner][vc_column_inner][wgl_spacing spacer_size=&#8221;50&#8243;][\/vc_column_inner][\/vc_row_inner][wgl_time_line_horizontal slide_to_show=&#8221;3&#8243; pag_type=&#8221;line_circle&#8221; values=&#8221;%5B%7B%22thumbnail%22%3A%222463%22%2C%22date%22%3A%221989%22%2C%22title%22%3A%22Prima%20versione%20di%20CASY%22%2C%22descr%22%3A%22Sviluppata%20con%20la%20banca%20dati%20Adimens%20e%20il%20linguaggio%20di%20programmazione%20Aditalk.%20Andava%20su%20Atari%201040%20ST.%20Lo%20abbiamo%20utilizzato%20durante%20i%20primi%20anni%20di%20gestione%20del%20nostro%20albergo%20Camelia.%20%22%2C%22circle_background%22%3A%22%23ffffff%22%2C%22icon_color%22%3A%22%23dae3f4%22%7D%2C%7B%22thumbnail%22%3A%222478%22%2C%22date%22%3A%221991%22%2C%22title%22%3A%22Hotel%20Camelia%20Muralto%22%2C%22descr%22%3A%22I%20proprietari%20hanno%20gestito%20personalmente%20un%20hotel%20per%20ben%2022%20anni%20e%20conoscono%20le%20esigenze%20e%20peculiarit%C3%A0%20del%20settore%20alberghiero%20di%20prima%20persona.%20Gi%C3%A0%20come%20albergatori%20hanno%20sviluppato%20CASY%20e%20iniziato%20a%20distribuirlo.%20%22%2C%22circle_background%22%3A%22%23ffffff%22%2C%22icon_color%22%3A%22%23dae3f4%22%7D%2C%7B%22thumbnail%22%3A%222483%22%2C%22date%22%3A%221995%22%2C%22title%22%3A%22Prima%20versione%20Windows%20con%20MSAccess%22%2C%22descr%22%3A%22CASY%20Front%20%C3%A8%20stato%20portato%20su%20Windows%20e%20sviluppato%20ulteriormente%20con%20Microsoft%20Access%20e%20Visual%20Basic.%22%2C%22circle_background%22%3A%22%23ffffff%22%2C%22icon_color%22%3A%22%23dae3f4%22%7D%2C%7B%22thumbnail%22%3A%222488%22%2C%22date%22%3A%222009%22%2C%22title%22%3A%22Nella%20cloud%22%2C%22descr%22%3A%22Il%20programma%20%C3%A8%20stato%20risviluppato%20come%20applicazione%20al%20100%25%20nella%20cloud.%20%22%2C%22circle_background%22%3A%22%23ffffff%22%2C%22icon_color%22%3A%22%23dae3f4%22%7D%2C%7B%22thumbnail%22%3A%222498%22%2C%22date%22%3A%222022%22%2C%22title%22%3A%22Oggi%22%2C%22descr%22%3A%22Essendo%20un%E2%80%99azienda%20efficiente%20e%20altamente%20professionale%2C%20CASY%20offre%20percorsi%20decisionali%20molto%20brevi%2C%20garantendo%20un%20adattamento%20rapido%20e%20flessibile%20alle%20esigenze%20e%20ai%20desideri%20dei%20clienti.%5CnLa%20persona%20di%20riferimento%20%C3%A8%20il%20proprietario%20stesso%3A%20in%20questo%20modo%2C%20le%20questioni%20vengono%20indirizzate%20al%20posto%20giusto%20e%20trattate%20con%20la%20priorit%C3%A0%20necessaria.%22%2C%22circle_background%22%3A%22%23ffffff%22%2C%22icon_color%22%3A%22%23dae3f4%22%7D%5D&#8221; autoplay=&#8221;true&#8221; slides_to_scroll=&#8221;true&#8221;][wgl_spacing spacer_size=&#8221;50&#8243;][\/vc_column][\/vc_row][vc_row][vc_column][vc_row_inner][vc_column_inner width=&#8221;1\/2&#8243; offset=&#8221;vc_col-lg-5&#8243;][wgl_double_headings title_tag=&#8221;h2&#8243; title_color=&#8221;#161616&#8243; subtitle_color=&#8221;#ff7502&#8243;]Contatto[\/wgl_double_headings][wgl_spacing spacer_size=&#8221;20&#8243;][vc_column_text]S\u00ec, voglio pi\u00f9 riservazioni e pi\u00f9 tempo da dedicare ai miei ospiti.[\/vc_column_text][wgl_spacing spacer_size=&#8221;35&#8243;][wgl_info_box layout=&#8221;left&#8221; alignment=&#8221;left&#8221; icon_type=&#8221;font&#8221; icon_font_type=&#8221;type_flaticon&#8221; icon_flaticon=&#8221;flaticon-pin&#8221; icon_shadow_blur=&#8221;24&#8243; icon_shadow_color=&#8221;rgba(0,0,0,0.1)&#8221; icon_color_hover=&#8221;#ffffff&#8221; custom_icon_bg_color=&#8221;color&#8221; icon_bg_color_hover=&#8221;#ff7502&#8243; title_size=&#8221;16&#8243; title_bot_offset=&#8221;4&#8243; ib_content=&#8221;CASY Software Solutions<br \/>\nVia Bartolomeo Varenna 2<br \/>\nCH &#8211; 6600 Locarno<br \/>\nand<br \/>\nCASY Software Solutions<br \/>\nBahnhaldenstrasse 20<br \/>\nCH-8052 Z\u00fcrich&#8221; custom_icon_bg_width=&#8221;60&#8243; custom_icon_bg_height=&#8221;60&#8243; add_icon_shadow=&#8221;true&#8221; ib_title=&#8221;Visit Us:&#8221; custom_icon_size=&#8221;24&#8243; icon_offsets=&#8221;.vc_custom_1629811095170{margin-top: -5px !important;border-radius: 10px !important;}&#8221; custom_icon_color=&#8221;true&#8221;][wgl_spacing spacer_size=&#8221;30px&#8221;][wgl_info_box layout=&#8221;left&#8221; alignment=&#8221;left&#8221; icon_type=&#8221;font&#8221; icon_font_type=&#8221;type_flaticon&#8221; icon_flaticon=&#8221;flaticon-mail&#8221; icon_shadow_blur=&#8221;24&#8243; icon_shadow_color=&#8221;rgba(0,0,0,0.1)&#8221; icon_color_hover=&#8221;#ffffff&#8221; custom_icon_bg_color=&#8221;color&#8221; icon_bg_color_hover=&#8221;#ff7502&#8243; title_size=&#8221;16&#8243; title_bot_offset=&#8221;4&#8243; ib_content=&#8221;locarno@casy.ch<br \/>\nzuerich@casy.ch&#8221; custom_icon_bg_width=&#8221;60&#8243; custom_icon_bg_height=&#8221;60&#8243; add_icon_shadow=&#8221;true&#8221; ib_title=&#8221;Mail Us:&#8221; custom_icon_size=&#8221;24&#8243; icon_offsets=&#8221;.vc_custom_1625343808724{margin-top: -5px !important;border-radius: 10px !important;}&#8221; custom_icon_color=&#8221;true&#8221;][wgl_spacing spacer_size=&#8221;30px&#8221;][wgl_info_box layout=&#8221;left&#8221; alignment=&#8221;left&#8221; icon_type=&#8221;font&#8221; icon_font_type=&#8221;type_flaticon&#8221; icon_flaticon=&#8221;flaticon-phone&#8221; icon_shadow_blur=&#8221;24&#8243; icon_shadow_color=&#8221;rgba(0,0,0,0.1)&#8221; icon_color_hover=&#8221;#ffffff&#8221; custom_icon_bg_color=&#8221;color&#8221; icon_bg_color_hover=&#8221;#ff7502&#8243; title_size=&#8221;16&#8243; title_bot_offset=&#8221;4&#8243; ib_content=&#8221;+41 (0)44 586 51 01&#8243; custom_icon_bg_width=&#8221;60&#8243; custom_icon_bg_height=&#8221;60&#8243; add_icon_shadow=&#8221;true&#8221; ib_title=&#8221;Phone Us:&#8221; custom_icon_size=&#8221;24&#8243; icon_offsets=&#8221;.vc_custom_1625343817237{margin-top: -5px !important;border-radius: 10px !important;}&#8221; custom_icon_color=&#8221;true&#8221;][wgl_spacing spacer_size=&#8221;30px&#8221;][\/vc_column_inner][vc_column_inner width=&#8221;1\/2&#8243; offset=&#8221;vc_col-lg-offset-1&#8243;][vc_column_text]\n<h2>Ci scriva un messaggio<\/h2>\n[\/vc_column_text][wgl_spacing spacer_size=&#8221;30px&#8221;]\n<div class=\"wpcf7 no-js\" id=\"wpcf7-f2688-o1\" lang=\"de-DE\" dir=\"ltr\">\n<div class=\"screen-reader-response\"><p role=\"status\" aria-live=\"polite\" aria-atomic=\"true\"><\/p> <ul><\/ul><\/div>\n<form action=\"\/index.php?rest_route=%2Fwp%2Fv2%2Fpages%2F2910#wpcf7-f2688-o1\" method=\"post\" class=\"wpcf7-form init\" aria-label=\"Kontaktformular\" novalidate=\"novalidate\" data-status=\"init\">\n<div style=\"display: none;\">\n<input type=\"hidden\" name=\"_wpcf7\" value=\"2688\" \/>\n<input type=\"hidden\" name=\"_wpcf7_version\" value=\"5.7.7\" \/>\n<input type=\"hidden\" name=\"_wpcf7_locale\" value=\"de_DE\" \/>\n<input type=\"hidden\" name=\"_wpcf7_unit_tag\" value=\"wpcf7-f2688-o1\" \/>\n<input type=\"hidden\" name=\"_wpcf7_container_post\" value=\"0\" \/>\n<input type=\"hidden\" name=\"_wpcf7_posted_data_hash\" value=\"\" \/>\n<input type=\"hidden\" name=\"_wpcf7_recaptcha_response\" value=\"\" \/>\n<\/div>\n<p><label> Il suo nome*<br \/>\n<span class=\"wpcf7-form-control-wrap\" data-name=\"your-name\"><input size=\"40\" class=\"wpcf7-form-control wpcf7-text wpcf7-validates-as-required\" aria-required=\"true\" aria-invalid=\"false\" value=\"\" type=\"text\" name=\"your-name\" \/><\/span> <\/label>\n<\/p>\n<p><label>Il suo indirizzo email*<br \/>\n<span class=\"wpcf7-form-control-wrap\" data-name=\"your-email\"><input size=\"40\" class=\"wpcf7-form-control wpcf7-text wpcf7-email wpcf7-validates-as-required wpcf7-validates-as-email\" aria-required=\"true\" aria-invalid=\"false\" value=\"\" type=\"email\" name=\"your-email\" \/><\/span> <\/label>\n<\/p>\n<p><label> Nome dell\u2019albergo<br \/>\n<span class=\"wpcf7-form-control-wrap\" data-name=\"your-subject\"><input size=\"40\" class=\"wpcf7-form-control wpcf7-text\" aria-invalid=\"false\" value=\"\" type=\"text\" name=\"your-subject\" \/><\/span> <\/label>\n<\/p>\n<p><label> Il suo messaggio<br \/>\n<span class=\"wpcf7-form-control-wrap\" data-name=\"your-message\"><textarea cols=\"40\" rows=\"10\" class=\"wpcf7-form-control wpcf7-textarea\" aria-invalid=\"false\" name=\"your-message\"><\/textarea><\/span> <\/label>\n<\/p>\n<p><input class=\"wpcf7-form-control has-spinner wpcf7-submit\" type=\"submit\" value=\"Inviare\" \/>\n<\/p><div class=\"wpcf7-response-output\" aria-hidden=\"true\"><\/div>\n<\/form>\n<\/div>\n[wgl_spacing spacer_size=&#8221;30px&#8221;][\/vc_column_inner][\/vc_row_inner][\/vc_column][\/vc_row]\n","protected":false},"excerpt":{"rendered":"<p>[vc_row full_width=&#8221;stretch_row&#8221; add_extended=&#8221;true&#8221; values=&#8221;%5B%7B%22extended_animation%22%3A%22morph%22%2C%22figure_color%22%3A%22%23ffffff%22%2C%22drop_colors%22%3A%22one_color%22%2C%22part_color%22%3A%22%23ff7e00%22%2C%22part_color_1%22%3A%22%23ff7e00%22%2C%22part_color_2%22%3A%22%233224e9%22%2C%22part_color_3%22%3A%22%2369e9f2%22%2C%22extended_animation_pos_vertical%22%3A%2250%22%2C%22extended_animation_pos_horizont%22%3A%2250%22%2C%22sphere_width%22%3A%22100%22%2C%22particles_number%22%3A%2250%22%2C%22particles_size%22%3A%2210%22%2C%22particles_speed%22%3A%222%22%2C%22hover_anim%22%3A%22grab%22%2C%22parallax_dir%22%3A%22vertical%22%2C%22parallax_factor%22%3A%220.3%22%2C%22morph_style%22%3A%22style_1%22%2C%22morph_speed%22%3A%2210%22%2C%22morph_color%22%3A%22%23f7f9fd%22%2C%22particles_position_top%22%3A%2213%22%2C%22particles_position_left%22%3A%22-14%22%2C%22particles_width%22%3A%2240%22%2C%22particles_height%22%3A%2240%22%2C%22resp_hide%22%3A%22768%22%7D%2C%7B%22extended_animation%22%3A%22morph%22%2C%22figure_color%22%3A%22%23ffffff%22%2C%22drop_colors%22%3A%22one_color%22%2C%22part_color%22%3A%22%23ff7e00%22%2C%22part_color_1%22%3A%22%23ff7e00%22%2C%22part_color_2%22%3A%22%233224e9%22%2C%22part_color_3%22%3A%22%2369e9f2%22%2C%22extended_animation_pos_vertical%22%3A%2250%22%2C%22extended_animation_pos_horizont%22%3A%2250%22%2C%22sphere_width%22%3A%22100%22%2C%22particles_number%22%3A%2250%22%2C%22particles_size%22%3A%2210%22%2C%22particles_speed%22%3A%222%22%2C%22hover_anim%22%3A%22grab%22%2C%22parallax_dir%22%3A%22vertical%22%2C%22parallax_factor%22%3A%220.3%22%2C%22morph_style%22%3A%22style_3%22%2C%22morph_speed%22%3A%2210%22%2C%22morph_color%22%3A%22%23f7f9fd%22%2C%22particles_position_top%22%3A%2260%22%2C%22particles_position_left%22%3A%2280%22%2C%22particles_width%22%3A%2240%22%2C%22particles_height%22%3A%2240%22%2C%22resp_hide%22%3A%22768%22%7D%5D&#8221;][vc_column][vc_row_inner][vc_column_inner offset=&#8221;vc_col-lg-offset-2 vc_col-lg-8 vc_col-md-offset-1 vc_col-md-10&#8243;][wgl_double_headings align=&#8221;center&#8221; title_tag=&#8221;h2&#8243; title_color=&#8221;#161616&#8243; subtitle_color=&#8221;#ff7502&#8243;]La nostra azienda \u2013 la nostra filosofia [\/wgl_double_headings][wgl_spacing spacer_size=&#8221;20&#8243;][vc_column_text]CASY \u00e8 un\u2019azienda di software gestita dal proprietario stesso, specializzata in software di gestione alberghiera basata nel cloud per l\u2019amministrazione di hotel, resort e appartamenti da vacanza. Sviluppiamo e programmiamo continuamente nuove applicazioni e moduli per [&hellip;]<\/p>\n","protected":false},"author":1,"featured_media":0,"parent":0,"menu_order":0,"comment_status":"closed","ping_status":"closed","template":"","meta":[],"yoast_head":"<!-- This site is optimized with the Yoast SEO plugin v20.6 - https:\/\/yoast.com\/wordpress\/plugins\/seo\/ -->\n<title>CASY Hotel Software, Unsere Firma \u2013 Unsere Philosophie<\/title>\n<meta name=\"description\" content=\"Verbringen Sie mehr Zeit mit Ihren G\u00e4sten anstatt vor dem Computer. Dank moderner Hotelverwaltungs-Software.\" \/>\n<meta name=\"robots\" content=\"index, follow, max-snippet:-1, max-image-preview:large, max-video-preview:-1\" \/>\n<link rel=\"canonical\" href=\"https:\/\/casy.ch\/?page_id=2910\" \/>\n<meta property=\"og:locale\" content=\"de_DE\" \/>\n<meta property=\"og:type\" content=\"article\" \/>\n<meta property=\"og:title\" content=\"CASY Hotel Software, Unsere Firma \u2013 Unsere Philosophie\" \/>\n<meta property=\"og:description\" content=\"Verbringen Sie mehr Zeit mit Ihren G\u00e4sten anstatt vor dem Computer. Dank moderner Hotelverwaltungs-Software.\" \/>\n<meta property=\"og:url\" content=\"https:\/\/casy.ch\/?page_id=2910&amp;lang=it\" \/>\n<meta property=\"og:site_name\" content=\"CASY\" \/>\n<meta property=\"article:publisher\" content=\"https:\/\/www.facebook.com\/casy.front\" \/>\n<meta property=\"article:modified_time\" content=\"2022-07-09T07:32:20+00:00\" \/>\n<meta property=\"og:image\" content=\"https:\/\/casy.ch\/wp-content\/uploads\/2021\/08\/Box-con-margine-2.png\" \/>\n\t<meta property=\"og:image:width\" content=\"1250\" \/>\n\t<meta property=\"og:image:height\" content=\"1750\" \/>\n\t<meta property=\"og:image:type\" content=\"image\/png\" \/>\n<meta name=\"twitter:card\" content=\"summary_large_image\" \/>\n<meta name=\"twitter:image\" content=\"https:\/\/casy.ch\/wp-content\/uploads\/2021\/08\/CASY_LOGO_2021_800x800.png\" \/>\n<meta name=\"twitter:site\" content=\"@CASY_Software\" \/>\n<meta name=\"twitter:label1\" content=\"Gesch\u00e4tzte Lesezeit\" \/>\n\t<meta name=\"twitter:data1\" content=\"2 Minuten\" \/>\n<script type=\"application\/ld+json\" class=\"yoast-schema-graph\">{\"@context\":\"https:\/\/schema.org\",\"@graph\":[{\"@type\":\"WebPage\",\"@id\":\"https:\/\/casy.ch\/?page_id=2910&lang=it\",\"url\":\"https:\/\/casy.ch\/?page_id=2910&lang=it\",\"name\":\"CASY Hotel Software, Unsere Firma \u2013 Unsere Philosophie\",\"isPartOf\":{\"@id\":\"https:\/\/casy.ch\/#website\"},\"datePublished\":\"2019-02-14T09:43:36+00:00\",\"dateModified\":\"2022-07-09T07:32:20+00:00\",\"description\":\"Verbringen Sie mehr Zeit mit Ihren G\u00e4sten anstatt vor dem Computer. Dank moderner Hotelverwaltungs-Software.\",\"breadcrumb\":{\"@id\":\"https:\/\/casy.ch\/?page_id=2910&lang=it#breadcrumb\"},\"inLanguage\":\"de-DE\",\"potentialAction\":[{\"@type\":\"ReadAction\",\"target\":[\"https:\/\/casy.ch\/?page_id=2910&lang=it\"]}]},{\"@type\":\"BreadcrumbList\",\"@id\":\"https:\/\/casy.ch\/?page_id=2910&lang=it#breadcrumb\",\"itemListElement\":[{\"@type\":\"ListItem\",\"position\":1,\"name\":\"Home\",\"item\":\"https:\/\/casy.ch\/\"},{\"@type\":\"ListItem\",\"position\":2,\"name\":\"Su di noi\"}]},{\"@type\":\"WebSite\",\"@id\":\"https:\/\/casy.ch\/#website\",\"url\":\"https:\/\/casy.ch\/\",\"name\":\"CASY\",\"description\":\"casydescr\",\"publisher\":{\"@id\":\"https:\/\/casy.ch\/#organization\"},\"potentialAction\":[{\"@type\":\"SearchAction\",\"target\":{\"@type\":\"EntryPoint\",\"urlTemplate\":\"https:\/\/casy.ch\/?s={search_term_string}\"},\"query-input\":\"required name=search_term_string\"}],\"inLanguage\":\"de-DE\"},{\"@type\":\"Organization\",\"@id\":\"https:\/\/casy.ch\/#organization\",\"name\":\"CASY Hotel Software\",\"url\":\"https:\/\/casy.ch\/\",\"logo\":{\"@type\":\"ImageObject\",\"inLanguage\":\"de-DE\",\"@id\":\"https:\/\/casy.ch\/#\/schema\/logo\/image\/\",\"url\":\"https:\/\/casy.ch\/wp-content\/uploads\/2021\/08\/CASY_LOGO_2021_800x800.png\",\"contentUrl\":\"https:\/\/casy.ch\/wp-content\/uploads\/2021\/08\/CASY_LOGO_2021_800x800.png\",\"width\":800,\"height\":800,\"caption\":\"CASY Hotel Software\"},\"image\":{\"@id\":\"https:\/\/casy.ch\/#\/schema\/logo\/image\/\"},\"sameAs\":[\"https:\/\/www.facebook.com\/casy.front\",\"https:\/\/twitter.com\/CASY_Software\",\"https:\/\/casy.ch\/en\/\",\"https:\/\/www.youtube.com\/user\/CasySoftware\/featured\"]}]}<\/script>\n<!-- \/ Yoast SEO plugin. -->","yoast_head_json":{"title":"CASY Hotel Software, Unsere Firma \u2013 Unsere Philosophie","description":"Verbringen Sie mehr Zeit mit Ihren G\u00e4sten anstatt vor dem Computer. Dank moderner Hotelverwaltungs-Software.","robots":{"index":"index","follow":"follow","max-snippet":"max-snippet:-1","max-image-preview":"max-image-preview:large","max-video-preview":"max-video-preview:-1"},"canonical":"https:\/\/casy.ch\/?page_id=2910","og_locale":"de_DE","og_type":"article","og_title":"CASY Hotel Software, Unsere Firma \u2013 Unsere Philosophie","og_description":"Verbringen Sie mehr Zeit mit Ihren G\u00e4sten anstatt vor dem Computer. Dank moderner Hotelverwaltungs-Software.","og_url":"https:\/\/casy.ch\/?page_id=2910&lang=it","og_site_name":"CASY","article_publisher":"https:\/\/www.facebook.com\/casy.front","article_modified_time":"2022-07-09T07:32:20+00:00","og_image":[{"width":1250,"height":1750,"url":"https:\/\/casy.ch\/wp-content\/uploads\/2021\/08\/Box-con-margine-2.png","type":"image\/png"}],"twitter_card":"summary_large_image","twitter_image":"https:\/\/casy.ch\/wp-content\/uploads\/2021\/08\/CASY_LOGO_2021_800x800.png","twitter_site":"@CASY_Software","twitter_misc":{"Gesch\u00e4tzte Lesezeit":"2 Minuten"},"schema":{"@context":"https:\/\/schema.org","@graph":[{"@type":"WebPage","@id":"https:\/\/casy.ch\/?page_id=2910&lang=it","url":"https:\/\/casy.ch\/?page_id=2910&lang=it","name":"CASY Hotel Software, Unsere Firma \u2013 Unsere Philosophie","isPartOf":{"@id":"https:\/\/casy.ch\/#website"},"datePublished":"2019-02-14T09:43:36+00:00","dateModified":"2022-07-09T07:32:20+00:00","description":"Verbringen Sie mehr Zeit mit Ihren G\u00e4sten anstatt vor dem Computer. Dank moderner Hotelverwaltungs-Software.","breadcrumb":{"@id":"https:\/\/casy.ch\/?page_id=2910&lang=it#breadcrumb"},"inLanguage":"de-DE","potentialAction":[{"@type":"ReadAction","target":["https:\/\/casy.ch\/?page_id=2910&lang=it"]}]},{"@type":"BreadcrumbList","@id":"https:\/\/casy.ch\/?page_id=2910&lang=it#breadcrumb","itemListElement":[{"@type":"ListItem","position":1,"name":"Home","item":"https:\/\/casy.ch\/"},{"@type":"ListItem","position":2,"name":"Su di noi"}]},{"@type":"WebSite","@id":"https:\/\/casy.ch\/#website","url":"https:\/\/casy.ch\/","name":"CASY","description":"casydescr","publisher":{"@id":"https:\/\/casy.ch\/#organization"},"potentialAction":[{"@type":"SearchAction","target":{"@type":"EntryPoint","urlTemplate":"https:\/\/casy.ch\/?s={search_term_string}"},"query-input":"required name=search_term_string"}],"inLanguage":"de-DE"},{"@type":"Organization","@id":"https:\/\/casy.ch\/#organization","name":"CASY Hotel Software","url":"https:\/\/casy.ch\/","logo":{"@type":"ImageObject","inLanguage":"de-DE","@id":"https:\/\/casy.ch\/#\/schema\/logo\/image\/","url":"https:\/\/casy.ch\/wp-content\/uploads\/2021\/08\/CASY_LOGO_2021_800x800.png","contentUrl":"https:\/\/casy.ch\/wp-content\/uploads\/2021\/08\/CASY_LOGO_2021_800x800.png","width":800,"height":800,"caption":"CASY Hotel Software"},"image":{"@id":"https:\/\/casy.ch\/#\/schema\/logo\/image\/"},"sameAs":["https:\/\/www.facebook.com\/casy.front","https:\/\/twitter.com\/CASY_Software","https:\/\/casy.ch\/en\/","https:\/\/www.youtube.com\/user\/CasySoftware\/featured"]}]}},"_links":{"self":[{"href":"https:\/\/casy.ch\/index.php?rest_route=\/wp\/v2\/pages\/2910"}],"collection":[{"href":"https:\/\/casy.ch\/index.php?rest_route=\/wp\/v2\/pages"}],"about":[{"href":"https:\/\/casy.ch\/index.php?rest_route=\/wp\/v2\/types\/page"}],"author":[{"embeddable":true,"href":"https:\/\/casy.ch\/index.php?rest_route=\/wp\/v2\/users\/1"}],"replies":[{"embeddable":true,"href":"https:\/\/casy.ch\/index.php?rest_route=%2Fwp%2Fv2%2Fcomments&post=2910"}],"version-history":[{"count":6,"href":"https:\/\/casy.ch\/index.php?rest_route=\/wp\/v2\/pages\/2910\/revisions"}],"predecessor-version":[{"id":3278,"href":"https:\/\/casy.ch\/index.php?rest_route=\/wp\/v2\/pages\/2910\/revisions\/3278"}],"wp:attachment":[{"href":"https:\/\/casy.ch\/index.php?rest_route=%2Fwp%2Fv2%2Fmedia&parent=2910"}],"curies":[{"name":"wp","href":"https:\/\/api.w.org\/{rel}","templated":true}]}}