{"id":630,"date":"2019-02-20T10:14:06","date_gmt":"2019-02-20T10:14:06","guid":{"rendered":"http:\/\/labapps.wgl-demo.net\/?page_id=630"},"modified":"2024-05-19T06:57:06","modified_gmt":"2024-05-19T06:57:06","slug":"contacts","status":"publish","type":"page","link":"https:\/\/casy.ch\/?page_id=630","title":{"rendered":"Contacts"},"content":{"rendered":"[vc_row][vc_column width=&#8221;1\/2&#8243;][vc_gmaps link=&#8221;#E-8_JTNDaWZyYW1lJTIwc3JjJTNEJTIyaHR0cHMlM0ElMkYlMkZ3d3cuZ29vZ2xlLmNvbSUyRm1hcHMlMkZlbWJlZCUzRnBiJTNEJTIxMW0xOCUyMTFtMTIlMjExbTMlMjExZDI3NjMuMTMwNzc2OTc1Mjg3JTIxMmQ4Ljc4Nzg5MTExNjExOTY1NCUyMTNkNDYuMTY4MDUyMzc5MTE1NTElMjEybTMlMjExZjAlMjEyZjAlMjEzZjAlMjEzbTIlMjExaTEwMjQlMjEyaTc2OCUyMTRmMTMuMSUyMTNtMyUyMTFtMiUyMTFzMHg0Nzg1YzgzMWU1Y2FkY2Q3JTI1M0EweDdhZmZkMzZjNmYwZDFjMDclMjEyc0NBU1klMjUyMFNvZnR3YXJlJTI1MjBTb2x1dGlvbnMlMjUyMFNhZ2wlMjE1ZTAlMjEzbTIlMjExc2RlJTIxMnNjaCUyMTR2MTYyNDYwODM0NDg5MCUyMTVtMiUyMTFzZGUlMjEyc2NoJTIyJTIwd2lkdGglM0QlMjI2MDAlMjIlMjBoZWlnaHQlM0QlMjI0NTAlMjIlMjBzdHlsZSUzRCUyMmJvcmRlciUzQTAlM0IlMjIlMjBhbGxvd2Z1bGxzY3JlZW4lM0QlMjIlMjIlMjBsb2FkaW5nJTNEJTIybGF6eSUyMiUzRSUzQyUyRmlmcmFtZSUzRQ==&#8221;][wgl_spacing spacer_size=&#8221;160px&#8221;][vc_column_text]\n<h3>Teamviewer Download<\/h3>\n[\/vc_column_text][vc_row_inner][vc_column_inner width=&#8221;1\/5&#8243;][wgl_spacing spacer_size=&#8221;20px&#8221;][vc_single_image image=&#8221;1454&#8243; alignment=&#8221;center&#8221;][\/vc_column_inner][vc_column_inner width=&#8221;4\/5&#8243;][wgl_spacing spacer_size=&#8221;50px&#8221;][vc_column_text]<a href=\"https:\/\/download.teamviewer.com\/download\/version_14x\/TeamViewer_Setup.exe\">Download Teamviewer for Windows<\/a>[\/vc_column_text][vc_column_text]<a href=\"https:\/\/download.teamviewer.com\/download\/version_14x\/TeamViewer.dmg\">Download Teamviewer for Mac<\/a>[\/vc_column_text][\/vc_column_inner][\/vc_row_inner][\/vc_column][vc_column width=&#8221;1\/2&#8243; offset=&#8221;vc_col-lg-offset-1 vc_col-lg-5&#8243;][wgl_double_headings title_tag=&#8221;h2&#8243; title_color=&#8221;#161616&#8243; subtitle_color=&#8221;#ff7502&#8243;]Kontaktieren Sie uns[\/wgl_double_headings][wgl_spacing spacer_size=&#8221;20&#8243;][vc_column_text]Ja, ich m\u00f6chte mehr Gewinn mit weniger Aufwand.[\/vc_column_text][wgl_spacing spacer_size=&#8221;35&#8243;][wgl_info_box layout=&#8221;left&#8221; alignment=&#8221;left&#8221; icon_type=&#8221;font&#8221; icon_font_type=&#8221;type_flaticon&#8221; icon_flaticon=&#8221;flaticon-pin&#8221; icon_shadow_blur=&#8221;24&#8243; icon_shadow_color=&#8221;rgba(0,0,0,0.1)&#8221; icon_color_hover=&#8221;#ffffff&#8221; custom_icon_bg_color=&#8221;color&#8221; icon_bg_color_hover=&#8221;#ff7502&#8243; title_size=&#8221;16&#8243; title_bot_offset=&#8221;4&#8243; ib_content=&#8221;CASY Software Solutions<br \/>\nVia Bartolomeo Varenna 2<br \/>\nCH &#8211; 6600 Locarno<br \/>\nund<br \/>\nCASY Software Solutions<br \/>\nBahnhaldenstrasse 20<br \/>\nCH-8052 Z\u00fcrich&#8221; custom_icon_bg_width=&#8221;60&#8243; custom_icon_bg_height=&#8221;60&#8243; add_icon_shadow=&#8221;true&#8221; ib_title=&#8221;Visit Us:&#8221; custom_icon_size=&#8221;24&#8243; icon_offsets=&#8221;.vc_custom_1625757165459{margin-top: -5px !important;border-radius: 10px !important;}&#8221; custom_icon_color=&#8221;true&#8221;][wgl_spacing spacer_size=&#8221;30px&#8221;][wgl_info_box layout=&#8221;left&#8221; alignment=&#8221;left&#8221; icon_type=&#8221;font&#8221; icon_font_type=&#8221;type_flaticon&#8221; icon_flaticon=&#8221;flaticon-mail&#8221; icon_shadow_blur=&#8221;24&#8243; icon_shadow_color=&#8221;rgba(0,0,0,0.1)&#8221; icon_color_hover=&#8221;#ffffff&#8221; custom_icon_bg_color=&#8221;color&#8221; icon_bg_color_hover=&#8221;#ff7502&#8243; title_size=&#8221;16&#8243; title_bot_offset=&#8221;4&#8243; ib_content=&#8221;locarno@casy.ch<br \/>\nzuerich@casy.ch&#8221; custom_icon_bg_width=&#8221;60&#8243; custom_icon_bg_height=&#8221;60&#8243; add_icon_shadow=&#8221;true&#8221; ib_title=&#8221;Mail Us:&#8221; custom_icon_size=&#8221;24&#8243; icon_offsets=&#8221;.vc_custom_1625757174970{margin-top: -5px !important;border-radius: 10px !important;}&#8221; custom_icon_color=&#8221;true&#8221;][wgl_spacing spacer_size=&#8221;30px&#8221;][wgl_info_box layout=&#8221;left&#8221; alignment=&#8221;left&#8221; icon_type=&#8221;font&#8221; icon_font_type=&#8221;type_flaticon&#8221; icon_flaticon=&#8221;flaticon-phone&#8221; icon_shadow_blur=&#8221;24&#8243; icon_shadow_color=&#8221;rgba(0,0,0,0.1)&#8221; icon_color_hover=&#8221;#ffffff&#8221; custom_icon_bg_color=&#8221;color&#8221; icon_bg_color_hover=&#8221;#ff7502&#8243; title_size=&#8221;16&#8243; title_bot_offset=&#8221;4&#8243; ib_content=&#8221;+41 (0)44 586 51 01&#8243; custom_icon_bg_width=&#8221;60&#8243; custom_icon_bg_height=&#8221;60&#8243; add_icon_shadow=&#8221;true&#8221; ib_title=&#8221;Phone Us:&#8221; custom_icon_size=&#8221;24&#8243; icon_offsets=&#8221;.vc_custom_1625757184021{margin-top: -5px !important;border-radius: 10px !important;}&#8221; custom_icon_color=&#8221;true&#8221;][wgl_spacing spacer_size=&#8221;50&#8243;][vc_column_text]\n<h3><span class=\"hl\">Stellen Sie uns Ihre Fragen<\/span><\/h3>\n[\/vc_column_text][wgl_spacing spacer_size=&#8221;30px&#8221;]\n<div class=\"wpcf7 no-js\" id=\"wpcf7-f2418-o1\" lang=\"de-DE\" dir=\"ltr\">\n<div class=\"screen-reader-response\"><p role=\"status\" aria-live=\"polite\" aria-atomic=\"true\"><\/p> <ul><\/ul><\/div>\n<form action=\"\/index.php?rest_route=%2Fwp%2Fv2%2Fpages%2F630#wpcf7-f2418-o1\" method=\"post\" class=\"wpcf7-form init\" aria-label=\"Kontaktformular\" novalidate=\"novalidate\" data-status=\"init\">\n<div style=\"display: none;\">\n<input type=\"hidden\" name=\"_wpcf7\" value=\"2418\" \/>\n<input type=\"hidden\" name=\"_wpcf7_version\" value=\"5.7.7\" \/>\n<input type=\"hidden\" name=\"_wpcf7_locale\" value=\"de_DE\" \/>\n<input type=\"hidden\" name=\"_wpcf7_unit_tag\" value=\"wpcf7-f2418-o1\" \/>\n<input type=\"hidden\" name=\"_wpcf7_container_post\" value=\"0\" \/>\n<input type=\"hidden\" name=\"_wpcf7_posted_data_hash\" value=\"\" \/>\n<input type=\"hidden\" name=\"_wpcf7_recaptcha_response\" value=\"\" \/>\n<\/div>\n<p><label> Ihr Name*<br \/>\n<span class=\"wpcf7-form-control-wrap\" data-name=\"your-name\"><input size=\"40\" class=\"wpcf7-form-control wpcf7-text wpcf7-validates-as-required\" aria-required=\"true\" aria-invalid=\"false\" value=\"\" type=\"text\" name=\"your-name\" \/><\/span> <\/label>\n<\/p>\n<p><label>Ihre E-Mail-Adresse*<br \/>\n<span class=\"wpcf7-form-control-wrap\" data-name=\"your-email\"><input size=\"40\" class=\"wpcf7-form-control wpcf7-text wpcf7-email wpcf7-validates-as-required wpcf7-validates-as-email\" aria-required=\"true\" aria-invalid=\"false\" value=\"\" type=\"email\" name=\"your-email\" \/><\/span> <\/label>\n<\/p>\n<p><label> Hotelname<br \/>\n<span class=\"wpcf7-form-control-wrap\" data-name=\"your-subject\"><input size=\"40\" class=\"wpcf7-form-control wpcf7-text\" aria-invalid=\"false\" value=\"\" type=\"text\" name=\"your-subject\" \/><\/span> <\/label>\n<\/p>\n<p><label> Ihre Nachricht<br \/>\n<span class=\"wpcf7-form-control-wrap\" data-name=\"your-message\"><textarea cols=\"40\" rows=\"10\" class=\"wpcf7-form-control wpcf7-textarea\" aria-invalid=\"false\" name=\"your-message\"><\/textarea><\/span> <\/label>\n<\/p>\n<p><input class=\"wpcf7-form-control has-spinner wpcf7-submit\" type=\"submit\" value=\"senden\" \/>\n<\/p><div class=\"wpcf7-response-output\" aria-hidden=\"true\"><\/div>\n<\/form>\n<\/div>\n[\/vc_column][\/vc_row][vc_row][vc_column][wgl_spacing spacer_size=&#8221;30px&#8221;][\/vc_column][\/vc_row]\n","protected":false},"excerpt":{"rendered":"<p>[vc_row][vc_column width=&#8221;1\/2&#8243;][vc_gmaps link=&#8221;#E-8_JTNDaWZyYW1lJTIwc3JjJTNEJTIyaHR0cHMlM0ElMkYlMkZ3d3cuZ29vZ2xlLmNvbSUyRm1hcHMlMkZlbWJlZCUzRnBiJTNEJTIxMW0xOCUyMTFtMTIlMjExbTMlMjExZDI3NjMuMTMwNzc2OTc1Mjg3JTIxMmQ4Ljc4Nzg5MTExNjExOTY1NCUyMTNkNDYuMTY4MDUyMzc5MTE1NTElMjEybTMlMjExZjAlMjEyZjAlMjEzZjAlMjEzbTIlMjExaTEwMjQlMjEyaTc2OCUyMTRmMTMuMSUyMTNtMyUyMTFtMiUyMTFzMHg0Nzg1YzgzMWU1Y2FkY2Q3JTI1M0EweDdhZmZkMzZjNmYwZDFjMDclMjEyc0NBU1klMjUyMFNvZnR3YXJlJTI1MjBTb2x1dGlvbnMlMjUyMFNhZ2wlMjE1ZTAlMjEzbTIlMjExc2RlJTIxMnNjaCUyMTR2MTYyNDYwODM0NDg5MCUyMTVtMiUyMTFzZGUlMjEyc2NoJTIyJTIwd2lkdGglM0QlMjI2MDAlMjIlMjBoZWlnaHQlM0QlMjI0NTAlMjIlMjBzdHlsZSUzRCUyMmJvcmRlciUzQTAlM0IlMjIlMjBhbGxvd2Z1bGxzY3JlZW4lM0QlMjIlMjIlMjBsb2FkaW5nJTNEJTIybGF6eSUyMiUzRSUzQyUyRmlmcmFtZSUzRQ==&#8221;][wgl_spacing spacer_size=&#8221;160px&#8221;][vc_column_text] Teamviewer Download [\/vc_column_text][vc_row_inner][vc_column_inner width=&#8221;1\/5&#8243;][wgl_spacing spacer_size=&#8221;20px&#8221;][vc_single_image image=&#8221;1454&#8243; alignment=&#8221;center&#8221;][\/vc_column_inner][vc_column_inner width=&#8221;4\/5&#8243;][wgl_spacing spacer_size=&#8221;50px&#8221;][vc_column_text]Download Teamviewer for Windows[\/vc_column_text][vc_column_text]Download Teamviewer for Mac[\/vc_column_text][\/vc_column_inner][\/vc_row_inner][\/vc_column][vc_column width=&#8221;1\/2&#8243; offset=&#8221;vc_col-lg-offset-1 vc_col-lg-5&#8243;][wgl_double_headings title_tag=&#8221;h2&#8243; title_color=&#8221;#161616&#8243; subtitle_color=&#8221;#ff7502&#8243;]Kontaktieren Sie uns[\/wgl_double_headings][wgl_spacing spacer_size=&#8221;20&#8243;][vc_column_text]Ja, ich m\u00f6chte mehr Gewinn mit weniger Aufwand.[\/vc_column_text][wgl_spacing spacer_size=&#8221;35&#8243;][wgl_info_box layout=&#8221;left&#8221; alignment=&#8221;left&#8221; icon_type=&#8221;font&#8221; icon_font_type=&#8221;type_flaticon&#8221; icon_flaticon=&#8221;flaticon-pin&#8221; icon_shadow_blur=&#8221;24&#8243; icon_shadow_color=&#8221;rgba(0,0,0,0.1)&#8221; icon_color_hover=&#8221;#ffffff&#8221; custom_icon_bg_color=&#8221;color&#8221; icon_bg_color_hover=&#8221;#ff7502&#8243; title_size=&#8221;16&#8243; title_bot_offset=&#8221;4&#8243; ib_content=&#8221;CASY Software Solutions Via Bartolomeo Varenna 2 [&hellip;]<\/p>\n","protected":false},"author":1,"featured_media":0,"parent":0,"menu_order":0,"comment_status":"closed","ping_status":"closed","template":"","meta":[],"yoast_head":"<!-- This site is optimized with the Yoast SEO plugin v20.6 - https:\/\/yoast.com\/wordpress\/plugins\/seo\/ -->\n<title>Contact - CASY Hotel Software Cloud-L\u00f6sung Schweizer<\/title>\n<meta name=\"description\" content=\"Mehr Zeit f\u00fcr die G\u00e4stebetreuung, weniger f\u00fcr die Hotelverwaltung. Ja, ich m\u00f6chte mehr Gewinn mit weniger Aufwand. - Schreiben Sie uns\" \/>\n<meta name=\"robots\" content=\"index, follow, max-snippet:-1, max-image-preview:large, max-video-preview:-1\" \/>\n<link rel=\"canonical\" href=\"https:\/\/casy.ch\/?page_id=630\" \/>\n<meta property=\"og:locale\" content=\"de_DE\" \/>\n<meta property=\"og:type\" content=\"article\" \/>\n<meta property=\"og:title\" content=\"Contact - CASY Hotel Software Cloud-L\u00f6sung Schweizer\" \/>\n<meta property=\"og:description\" content=\"Mehr Zeit f\u00fcr die G\u00e4stebetreuung, weniger f\u00fcr die Hotelverwaltung. Ja, ich m\u00f6chte mehr Gewinn mit weniger Aufwand. - Schreiben Sie uns\" \/>\n<meta property=\"og:url\" content=\"https:\/\/casy.ch\/?page_id=630\" \/>\n<meta property=\"og:site_name\" content=\"CASY\" \/>\n<meta property=\"article:publisher\" content=\"https:\/\/www.facebook.com\/casy.front\" \/>\n<meta property=\"article:modified_time\" content=\"2024-05-19T06:57:06+00:00\" \/>\n<meta property=\"og:image\" content=\"https:\/\/casy.ch\/wp-content\/uploads\/2021\/08\/CASY_LOGO_2021_800x800.png\" \/>\n\t<meta property=\"og:image:width\" content=\"800\" \/>\n\t<meta property=\"og:image:height\" content=\"800\" \/>\n\t<meta property=\"og:image:type\" content=\"image\/png\" \/>\n<meta name=\"twitter:card\" content=\"summary_large_image\" \/>\n<meta name=\"twitter:site\" content=\"@CASY_Software\" \/>\n<meta name=\"twitter:label1\" content=\"Gesch\u00e4tzte Lesezeit\" \/>\n\t<meta name=\"twitter:data1\" content=\"1 Minute\" \/>\n<script type=\"application\/ld+json\" class=\"yoast-schema-graph\">{\"@context\":\"https:\/\/schema.org\",\"@graph\":[{\"@type\":\"WebPage\",\"@id\":\"https:\/\/casy.ch\/?page_id=630\",\"url\":\"https:\/\/casy.ch\/?page_id=630\",\"name\":\"Contact - CASY Hotel Software Cloud-L\u00f6sung Schweizer\",\"isPartOf\":{\"@id\":\"https:\/\/casy.ch\/#website\"},\"datePublished\":\"2019-02-20T10:14:06+00:00\",\"dateModified\":\"2024-05-19T06:57:06+00:00\",\"description\":\"Mehr Zeit f\u00fcr die G\u00e4stebetreuung, weniger f\u00fcr die Hotelverwaltung. Ja, ich m\u00f6chte mehr Gewinn mit weniger Aufwand. - Schreiben Sie uns\",\"breadcrumb\":{\"@id\":\"https:\/\/casy.ch\/?page_id=630#breadcrumb\"},\"inLanguage\":\"de-DE\",\"potentialAction\":[{\"@type\":\"ReadAction\",\"target\":[\"https:\/\/casy.ch\/?page_id=630\"]}]},{\"@type\":\"BreadcrumbList\",\"@id\":\"https:\/\/casy.ch\/?page_id=630#breadcrumb\",\"itemListElement\":[{\"@type\":\"ListItem\",\"position\":1,\"name\":\"Home\",\"item\":\"https:\/\/casy.ch\/\"},{\"@type\":\"ListItem\",\"position\":2,\"name\":\"Contacts\"}]},{\"@type\":\"WebSite\",\"@id\":\"https:\/\/casy.ch\/#website\",\"url\":\"https:\/\/casy.ch\/\",\"name\":\"CASY\",\"description\":\"casydescr\",\"publisher\":{\"@id\":\"https:\/\/casy.ch\/#organization\"},\"potentialAction\":[{\"@type\":\"SearchAction\",\"target\":{\"@type\":\"EntryPoint\",\"urlTemplate\":\"https:\/\/casy.ch\/?s={search_term_string}\"},\"query-input\":\"required name=search_term_string\"}],\"inLanguage\":\"de-DE\"},{\"@type\":\"Organization\",\"@id\":\"https:\/\/casy.ch\/#organization\",\"name\":\"CASY Hotel Software\",\"url\":\"https:\/\/casy.ch\/\",\"logo\":{\"@type\":\"ImageObject\",\"inLanguage\":\"de-DE\",\"@id\":\"https:\/\/casy.ch\/#\/schema\/logo\/image\/\",\"url\":\"https:\/\/casy.ch\/wp-content\/uploads\/2021\/08\/CASY_LOGO_2021_800x800.png\",\"contentUrl\":\"https:\/\/casy.ch\/wp-content\/uploads\/2021\/08\/CASY_LOGO_2021_800x800.png\",\"width\":800,\"height\":800,\"caption\":\"CASY Hotel Software\"},\"image\":{\"@id\":\"https:\/\/casy.ch\/#\/schema\/logo\/image\/\"},\"sameAs\":[\"https:\/\/www.facebook.com\/casy.front\",\"https:\/\/twitter.com\/CASY_Software\",\"https:\/\/casy.ch\/en\/\",\"https:\/\/www.youtube.com\/user\/CasySoftware\/featured\"]}]}<\/script>\n<!-- \/ Yoast SEO plugin. -->","yoast_head_json":{"title":"Contact - CASY Hotel Software Cloud-L\u00f6sung Schweizer","description":"Mehr Zeit f\u00fcr die G\u00e4stebetreuung, weniger f\u00fcr die Hotelverwaltung. Ja, ich m\u00f6chte mehr Gewinn mit weniger Aufwand. - Schreiben Sie uns","robots":{"index":"index","follow":"follow","max-snippet":"max-snippet:-1","max-image-preview":"max-image-preview:large","max-video-preview":"max-video-preview:-1"},"canonical":"https:\/\/casy.ch\/?page_id=630","og_locale":"de_DE","og_type":"article","og_title":"Contact - CASY Hotel Software Cloud-L\u00f6sung Schweizer","og_description":"Mehr Zeit f\u00fcr die G\u00e4stebetreuung, weniger f\u00fcr die Hotelverwaltung. Ja, ich m\u00f6chte mehr Gewinn mit weniger Aufwand. - Schreiben Sie uns","og_url":"https:\/\/casy.ch\/?page_id=630","og_site_name":"CASY","article_publisher":"https:\/\/www.facebook.com\/casy.front","article_modified_time":"2024-05-19T06:57:06+00:00","og_image":[{"width":800,"height":800,"url":"https:\/\/casy.ch\/wp-content\/uploads\/2021\/08\/CASY_LOGO_2021_800x800.png","type":"image\/png"}],"twitter_card":"summary_large_image","twitter_site":"@CASY_Software","twitter_misc":{"Gesch\u00e4tzte Lesezeit":"1 Minute"},"schema":{"@context":"https:\/\/schema.org","@graph":[{"@type":"WebPage","@id":"https:\/\/casy.ch\/?page_id=630","url":"https:\/\/casy.ch\/?page_id=630","name":"Contact - CASY Hotel Software Cloud-L\u00f6sung Schweizer","isPartOf":{"@id":"https:\/\/casy.ch\/#website"},"datePublished":"2019-02-20T10:14:06+00:00","dateModified":"2024-05-19T06:57:06+00:00","description":"Mehr Zeit f\u00fcr die G\u00e4stebetreuung, weniger f\u00fcr die Hotelverwaltung. Ja, ich m\u00f6chte mehr Gewinn mit weniger Aufwand. - Schreiben Sie uns","breadcrumb":{"@id":"https:\/\/casy.ch\/?page_id=630#breadcrumb"},"inLanguage":"de-DE","potentialAction":[{"@type":"ReadAction","target":["https:\/\/casy.ch\/?page_id=630"]}]},{"@type":"BreadcrumbList","@id":"https:\/\/casy.ch\/?page_id=630#breadcrumb","itemListElement":[{"@type":"ListItem","position":1,"name":"Home","item":"https:\/\/casy.ch\/"},{"@type":"ListItem","position":2,"name":"Contacts"}]},{"@type":"WebSite","@id":"https:\/\/casy.ch\/#website","url":"https:\/\/casy.ch\/","name":"CASY","description":"casydescr","publisher":{"@id":"https:\/\/casy.ch\/#organization"},"potentialAction":[{"@type":"SearchAction","target":{"@type":"EntryPoint","urlTemplate":"https:\/\/casy.ch\/?s={search_term_string}"},"query-input":"required name=search_term_string"}],"inLanguage":"de-DE"},{"@type":"Organization","@id":"https:\/\/casy.ch\/#organization","name":"CASY Hotel Software","url":"https:\/\/casy.ch\/","logo":{"@type":"ImageObject","inLanguage":"de-DE","@id":"https:\/\/casy.ch\/#\/schema\/logo\/image\/","url":"https:\/\/casy.ch\/wp-content\/uploads\/2021\/08\/CASY_LOGO_2021_800x800.png","contentUrl":"https:\/\/casy.ch\/wp-content\/uploads\/2021\/08\/CASY_LOGO_2021_800x800.png","width":800,"height":800,"caption":"CASY Hotel Software"},"image":{"@id":"https:\/\/casy.ch\/#\/schema\/logo\/image\/"},"sameAs":["https:\/\/www.facebook.com\/casy.front","https:\/\/twitter.com\/CASY_Software","https:\/\/casy.ch\/en\/","https:\/\/www.youtube.com\/user\/CasySoftware\/featured"]}]}},"_links":{"self":[{"href":"https:\/\/casy.ch\/index.php?rest_route=\/wp\/v2\/pages\/630"}],"collection":[{"href":"https:\/\/casy.ch\/index.php?rest_route=\/wp\/v2\/pages"}],"about":[{"href":"https:\/\/casy.ch\/index.php?rest_route=\/wp\/v2\/types\/page"}],"author":[{"embeddable":true,"href":"https:\/\/casy.ch\/index.php?rest_route=\/wp\/v2\/users\/1"}],"replies":[{"embeddable":true,"href":"https:\/\/casy.ch\/index.php?rest_route=%2Fwp%2Fv2%2Fcomments&post=630"}],"version-history":[{"count":34,"href":"https:\/\/casy.ch\/index.php?rest_route=\/wp\/v2\/pages\/630\/revisions"}],"predecessor-version":[{"id":3281,"href":"https:\/\/casy.ch\/index.php?rest_route=\/wp\/v2\/pages\/630\/revisions\/3281"}],"wp:attachment":[{"href":"https:\/\/casy.ch\/index.php?rest_route=%2Fwp%2Fv2%2Fmedia&parent=630"}],"curies":[{"name":"wp","href":"https:\/\/api.w.org\/{rel}","templated":true}]}}